{"id":262,"date":"2025-11-18T10:41:13","date_gmt":"2025-11-18T10:41:13","guid":{"rendered":"https:\/\/be.andufit.com\/politique-de-confidentialite\/"},"modified":"2025-11-18T13:40:11","modified_gmt":"2025-11-18T13:40:11","slug":"politique-de-confidentialite","status":"publish","type":"page","link":"https:\/\/be.andufit.com\/fr\/politique-de-confidentialite\/","title":{"rendered":"Politique de confidentialit\u00e9"},"content":{"rendered":"\n<p><strong><a href=\"https:\/\/www.andufit.com\/fr-BE\/\">andufit.com<\/a> <\/strong>appartient \u00e0 <strong>Sebru Invest NV<\/strong>, qui agit en tant que responsable du traitement de vos donn\u00e9es personnelles. Dans la pr\u00e9sente politique de confidentialit\u00e9, nous expliquons quelles informations nous collectons via <strong>andufit.com<\/strong>, \u00e0 quelles fins nous les traitons et sur quelles bases juridiques ce traitement repose. <\/p>\n\n<p>Nous attachons une grande importance \u00e0 la protection de votre vie priv\u00e9e et prenons les mesures n\u00e9cessaires pour garantir la confidentialit\u00e9 et la s\u00e9curit\u00e9 de vos donn\u00e9es personnelles. Nous vous recommandons donc de lire attentivement la pr\u00e9sente politique de confidentialit\u00e9 avant d\u2019utiliser le site <strong>andufit.com<\/strong>. <\/p>\n\n<h4 class=\"wp-block-heading has-text-color has-link-color wp-elements-45f09a0234c01c694759ab78d54e7355\" style=\"color:#3db7b0\">Informations personnelles<\/h4>\n\n<p>Lorsque vous visitez <strong>andufit.com<\/strong>, nous collectons automatiquement certaines informations concernant votre appareil. Cela inclut notamment des donn\u00e9es sur votre navigateur web, votre adresse IP, votre fuseau horaire ainsi que les cookies enregistr\u00e9s sur votre appareil. Nous recueillons \u00e9galement, au cours de votre visite, des informations sur les pages et produits que vous consultez, les sites web ou les termes de recherche qui vous ont conduit \u00e0 notre site, ainsi que vos interactions avec celui-ci. Les informations collect\u00e9es automatiquement sont d\u00e9sign\u00e9es dans la pr\u00e9sente politique comme des \u00ab <strong>donn\u00e9es relatives \u00e0 l\u2019appareil<\/strong> \u00bb.   <\/p>\n\n<p>Nous pouvons \u00e9galement traiter des donn\u00e9es personnelles que vous nous fournissez activement, telles que votre nom, vos coordonn\u00e9es, votre adresse et vos informations de paiement, par exemple lorsque vous cr\u00e9ez un compte ou passez une commande. Nous traitons ces donn\u00e9es afin d\u2019ex\u00e9cuter le contrat conclu avec vous et de pouvoir fournir nos services correctement. <\/p>\n\n<h4 class=\"wp-block-heading has-text-color has-link-color wp-elements-34cf1e0c8e2d5c33faadd1de3689c605\" style=\"color:#3db7b0\">Pourquoi traitons-nous vos donn\u00e9es ?<\/h4>\n\n<p>La protection des donn\u00e9es de nos clients est pour nous une priorit\u00e9 absolue. C\u2019est pourquoi nous ne traitons que la quantit\u00e9 minimale de donn\u00e9es personnelles n\u00e9cessaire au bon fonctionnement du site. Les donn\u00e9es collect\u00e9es automatiquement sont utilis\u00e9es uniquement pour d\u00e9tecter d\u2019\u00e9ventuels abus et pour \u00e9tablir des analyses statistiques sur l\u2019utilisation du site. Ces statistiques ne sont jamais regroup\u00e9es ni trait\u00e9es d\u2019une mani\u00e8re qui pourrait permettre l\u2019identification d\u2019utilisateurs individuels.   <\/p>\n\n<p>Vous pouvez visiter notre site sans nous dire qui vous \u00eates et sans fournir d\u2019informations permettant de vous identifier en tant qu\u2019individu. Toutefois, certaines fonctionnalit\u00e9s exigent que vous communiquiez volontairement des donn\u00e9es personnelles. Cela peut \u00eatre le cas lorsque vous vous inscrivez \u00e0 notre newsletter, remplissez un formulaire ou utilisez certains services propos\u00e9s sur le site. Dans ces situations, vous pouvez \u00eatre amen\u00e9 \u00e0 nous fournir des donn\u00e9es personnelles telles que votre adresse e-mail, votre nom et pr\u00e9nom, votre lieu de r\u00e9sidence, votre organisation ou votre num\u00e9ro de t\u00e9l\u00e9phone.   <\/p>\n\n<p>Vous \u00eates libre de choisir de ne pas nous fournir de donn\u00e9es personnelles. Toutefois, veuillez noter que, dans ce cas, il se peut que vous ne puissiez pas utiliser certaines fonctionnalit\u00e9s, telles que la r\u00e9ception de notre newsletter ou la soumission d\u2019une demande via notre site. <\/p>\n\n<p>Si vous avez des doutes concernant les donn\u00e9es obligatoires ou si vous avez des questions au sujet de ce traitement, vous pouvez toujours nous contacter \u00e0 l\u2019adresse <a><strong>info@andufit.com<\/strong><\/a>.<\/p>\n\n<h4 class=\"wp-block-heading has-text-color has-link-color wp-elements-bf7794aaaabda70d8564d3ea37e18432\" style=\"color:#3db7b0\">Vos droits<\/h4>\n\n<p>Si vous r\u00e9sidez dans l\u2019Union europ\u00e9enne, vous disposez, en vertu du R\u00e8glement g\u00e9n\u00e9ral sur la protection des donn\u00e9es (RGPD), des droits suivants concernant vos donn\u00e9es personnelles :<\/p>\n\n<ul class=\"wp-block-list\">\n<li>Le droit d&rsquo;acc\u00e8s<\/li>\n\n\n\n<li>Le droit d&rsquo;acc\u00e8s<\/li>\n\n\n\n<li>Le droit de rectification<\/li>\n\n\n\n<li>Recht op gegevenswissing<\/li>\n\n\n\n<li>Droit \u00e0 la limitation du traitement<\/li>\n\n\n\n<li>Droit \u00e0 la portabilit\u00e9 des donn\u00e9es<\/li>\n\n\n\n<li>Droit d\u2019opposition<\/li>\n\n\n\n<li>Droits relatifs \u00e0 la prise de d\u00e9cision automatis\u00e9e et au profilage<\/li>\n<\/ul>\n\n<p>Si vous souhaitez exercer l\u2019un de ces droits, vous pouvez nous contacter en utilisant les coordonn\u00e9es ci-dessous.<\/p>\n\n<p>Nous tenons \u00e9galement \u00e0 souligner que nous traitons vos donn\u00e9es personnelles afin d\u2019ex\u00e9cuter le contrat que nous avons conclu avec vous (par exemple lorsque vous passez une commande sur notre site), ou pour poursuivre nos int\u00e9r\u00eats l\u00e9gitimes, tels que d\u00e9crits pr\u00e9c\u00e9demment dans la pr\u00e9sente politique.<\/p>\n\n<p>Veuillez \u00e9galement noter que vos donn\u00e9es personnelles peuvent \u00eatre transf\u00e9r\u00e9es vers des pays situ\u00e9s en dehors de l\u2019Union europ\u00e9enne, notamment le Canada et les \u00c9tats-Unis.<\/p>\n\n<h4 class=\"wp-block-heading has-text-color has-link-color wp-elements-32eaa982bfadee31fef2d41e891f007d\" style=\"color:#3db7b0\">Liens vers d&rsquo;autres sites web<\/h4>\n\n<p>Notre site peut contenir des liens vers des sites externes qui ne sont ni g\u00e9r\u00e9s ni contr\u00f4l\u00e9s par nos soins. Veuillez noter que nous n\u2019assumons aucune responsabilit\u00e9 quant au contenu de ces sites ni quant aux pratiques de confidentialit\u00e9 de tiers. Nous vous recommandons de rester vigilant lorsque vous quittez notre site et de toujours lire la politique de confidentialit\u00e9 de tout site susceptible de collecter des donn\u00e9es personnelles.  <\/p>\n\n<h4 class=\"wp-block-heading has-text-color has-link-color wp-elements-10c03384735b5ea021514473bb316f49\" style=\"color:#3db7b0\">S\u00e9curit\u00e9 de l&rsquo;information<\/h4>\n\n<p>Nous conservons les informations que vous nous fournissez dans un environnement contr\u00f4l\u00e9 et s\u00e9curis\u00e9, prot\u00e9g\u00e9 contre tout acc\u00e8s, utilisation ou divulgation non autoris\u00e9s. Nous mettons en place des mesures de s\u00e9curit\u00e9 administratives, techniques et physiques appropri\u00e9es afin de prot\u00e9ger vos donn\u00e9es personnelles contre tout acc\u00e8s non autoris\u00e9, toute modification ou tout usage abusif tant qu\u2019elles se trouvent sous notre contr\u00f4le. <\/p>\n\n<p>Veuillez toutefois noter qu\u2019aucune m\u00e9thode de transmission de donn\u00e9es sur Internet ou via des r\u00e9seaux sans fil ne peut \u00eatre garantie comme totalement s\u00fbre. Bien que nous fassions tout notre possible pour prot\u00e9ger vos donn\u00e9es, nous ne pouvons pas en garantir la s\u00e9curit\u00e9 absolue. <\/p>\n\n<h4 class=\"wp-block-heading has-text-color has-link-color wp-elements-b9690e1b5dcef6d5bb6f63839e5bb442\" style=\"color:#3db7b0\">Information juridique<\/h4>\n\n<p>Nous pouvons divulguer les informations que nous collectons, utilisons ou recevons lorsque la loi l\u2019exige ou l\u2019autorise, par exemple pour r\u00e9pondre \u00e0 une assignation ou \u00e0 toute autre proc\u00e9dure judiciaire similaire. Nous pouvons \u00e9galement divulguer des donn\u00e9es lorsque nous estimons de bonne foi que cela est n\u00e9cessaire pour prot\u00e9ger nos droits, garantir votre s\u00e9curit\u00e9 ou celle d\u2019autrui, enqu\u00eater sur une fraude ou un abus, ou r\u00e9pondre \u00e0 une demande d\u2019une autorit\u00e9 publique comp\u00e9tente. <\/p>\n\n<h4 class=\"wp-block-heading has-text-color has-link-color wp-elements-c2baba764443f0bfb73fcc5b69b714f9\" style=\"color:#3db7b0\">Informations de contact<\/h4>\n\n<p>Si vous avez des questions concernant la pr\u00e9sente politique ou si vous souhaitez nous contacter au sujet de vos droits individuels et du traitement de vos donn\u00e9es personnelles, vous pouvez nous joindre \u00e0 l\u2019adresse <strong><a>info@andufit.com<\/a><\/strong>.<\/p>\n","protected":false},"excerpt":{"rendered":"<p>andufit.com appartient \u00e0 Sebru Invest NV, qui agit en tant que responsable du traitement de vos donn\u00e9es personnelles. Dans la pr\u00e9sente politique de confidentialit\u00e9, nous expliquons quelles informations nous collectons via andufit.com, \u00e0 quelles fins nous les traitons et sur quelles bases juridiques ce traitement repose. Nous attachons une grande importance \u00e0 la protection de [&hellip;]<\/p>\n","protected":false},"author":3,"featured_media":0,"parent":0,"menu_order":0,"comment_status":"closed","ping_status":"closed","template":"","meta":{"footnotes":""},"class_list":["post-262","page","type-page","status-publish","hentry"],"jetpack_sharing_enabled":true,"_links":{"self":[{"href":"https:\/\/be.andufit.com\/fr\/wp-json\/wp\/v2\/pages\/262","targetHints":{"allow":["GET"]}}],"collection":[{"href":"https:\/\/be.andufit.com\/fr\/wp-json\/wp\/v2\/pages"}],"about":[{"href":"https:\/\/be.andufit.com\/fr\/wp-json\/wp\/v2\/types\/page"}],"author":[{"embeddable":true,"href":"https:\/\/be.andufit.com\/fr\/wp-json\/wp\/v2\/users\/3"}],"replies":[{"embeddable":true,"href":"https:\/\/be.andufit.com\/fr\/wp-json\/wp\/v2\/comments?post=262"}],"version-history":[{"count":1,"href":"https:\/\/be.andufit.com\/fr\/wp-json\/wp\/v2\/pages\/262\/revisions"}],"predecessor-version":[{"id":263,"href":"https:\/\/be.andufit.com\/fr\/wp-json\/wp\/v2\/pages\/262\/revisions\/263"}],"wp:attachment":[{"href":"https:\/\/be.andufit.com\/fr\/wp-json\/wp\/v2\/media?parent=262"}],"curies":[{"name":"wp","href":"https:\/\/api.w.org\/{rel}","templated":true}]}}