{"id":510,"date":"2025-11-18T11:13:19","date_gmt":"2025-11-18T11:13:19","guid":{"rendered":"https:\/\/be.andufit.com\/conditions-generales\/"},"modified":"2025-11-20T14:26:41","modified_gmt":"2025-11-20T14:26:41","slug":"conditions-generales","status":"publish","type":"page","link":"https:\/\/be.andufit.com\/fr\/conditions-generales\/","title":{"rendered":"Conditions g\u00e9n\u00e9rales"},"content":{"rendered":"\n<p>Deze algemene voorwaarden beschrijven de regels en bepalingen die van toepassing zijn op het gebruik van de website van <strong>Sebru Invest NV<\/strong>, bereikbaar via <strong><a href=\"https:\/\/www.andufit.com\/fr-BE\/\">andufit.com<\/a><\/strong>. Door onze website te bezoeken, ga je akkoord met deze algemene voorwaarden. Indien je niet instemt met \u00e9\u00e9n of meerdere bepalingen in deze voorwaarden, verzoeken wij je <strong>andufit.com<\/strong> niet verder te gebruiken.  <\/p>\n\n<h4 class=\"wp-block-heading has-text-color has-link-color wp-elements-2891535fcf24367417954a8dfa64de2e\" style=\"color:#3db7b0\">Cookies<\/h4>\n\n<p>Notre site utilise des cookies afin d\u2019am\u00e9liorer et de personnaliser votre exp\u00e9rience en ligne. En visitant <strong>andufit.com<\/strong>, vous consentez \u00e0 l\u2019utilisation des cookies n\u00e9cessaires. <\/p>\n\n<p>Un cookie est un fichier texte plac\u00e9 sur votre appareil par un serveur web. Les cookies ne peuvent ni ex\u00e9cuter de programmes ni transmettre de virus. Ils vous sont attribu\u00e9s de mani\u00e8re unique et ne peuvent \u00eatre lus que par le serveur web du domaine qui a plac\u00e9 le cookie.  <\/p>\n\n<p>Nous utilisons des cookies pour collecter, stocker et analyser des informations \u00e0 des fins statistiques, marketing et afin d\u2019assurer le bon fonctionnement de notre site. Vous pouvez accepter ou refuser les cookies non essentiels. Toutefois, certains cookies sont indispensables au fonctionnement de notre site ; aucun consentement n\u2019est requis pour ces cookies.  <\/p>\n\n<p>Veuillez noter que l\u2019acceptation des cookies n\u00e9cessaires peut \u00e9galement entra\u00eener l\u2019installation de cookies de tiers. Ceux-ci sont utilis\u00e9s lorsque vous faites appel \u00e0 des services externes sur notre site, comme une fen\u00eatre vid\u00e9o int\u00e9gr\u00e9e ou d\u2019autres fonctionnalit\u00e9s fournies par des prestataires externes. <\/p>\n\n<h4 class=\"wp-block-heading has-text-color has-link-color wp-elements-7d87e487136fa8eccd718ea48ba9d7b5\" style=\"color:#3db7b0\">Licence<\/h4>\n\n<p>Sauf indication contraire, tous les droits de propri\u00e9t\u00e9 intellectuelle relatifs au contenu d\u2019<strong>andufit.com<\/strong> appartiennent \u00e0 Sebru Invest NV et\/ou \u00e0 ses conc\u00e9dants. Tous les droits de propri\u00e9t\u00e9 intellectuelle sont r\u00e9serv\u00e9s. Vous ne pouvez utiliser le site web et les mat\u00e9riaux qui y sont mis \u00e0 disposition qu\u2019\u00e0 des fins personnelles et non commerciales, sous r\u00e9serve des limitations \u00e9nonc\u00e9es dans les pr\u00e9sentes conditions g\u00e9n\u00e9rales.  <\/p>\n\n<p>Vous n\u2019\u00eates <strong>pas <\/strong>autoris\u00e9 \u00e0 :<\/p>\n\n<ul class=\"wp-block-list\">\n<li>copier ou republier du contenu provenant d\u2019<strong>andufit.com<\/strong> ;<\/li>\n\n\n\n<li>vendre, louer ou conc\u00e9der sous licence du contenu provenant d\u2019<strong>andufit.com<\/strong> ;<\/li>\n\n\n\n<li>reproduire, dupliquer ou copier du contenu provenant d\u2019<strong>andufit.com<\/strong> ;<\/li>\n\n\n\n<li>redistribuer le contenu d\u2019<strong>andufit.com<\/strong>.<\/li>\n<\/ul>\n\n<p>Le pr\u00e9sent accord entre en vigueur \u00e0 la date de votre premi\u00e8re utilisation de notre site.<\/p>\n\n<p>Certaines sections de ce site offrent aux utilisateurs la possibilit\u00e9 de publier ou d\u2019\u00e9changer des avis, commentaires et autres informations. Sebru Invest NV n\u2019examine, ne modifie ni ne publie pas ces contributions des utilisateurs avant leur mise en ligne. Les commentaires refl\u00e8tent exclusivement les opinions des utilisateurs qui les publient, et non celles de Sebru Invest NV, de ses employ\u00e9s ou de ses entit\u00e9s affili\u00e9es. Dans la mesure permise par la l\u00e9gislation applicable, Sebru Invest NV d\u00e9cline toute responsabilit\u00e9 concernant les commentaires publi\u00e9s par les utilisateurs, ainsi que toute perte, tout co\u00fbt ou tout dommage r\u00e9sultant de l\u2019utilisation ou de l\u2019apparition de tels commentaires sur le site.   <\/p>\n\n<p>Sebru Invest NV se r\u00e9serve le droit de surveiller les commentaires et de supprimer, sans pr\u00e9avis, tout commentaire jug\u00e9 inappropri\u00e9, offensant ou contraire aux pr\u00e9sentes conditions g\u00e9n\u00e9rales.<\/p>\n\n<p>Sebru Invest NV se r\u00e9serve le droit de surveiller les commentaires et de supprimer, sans pr\u00e9avis, tout commentaire jug\u00e9 inappropri\u00e9, offensant ou contraire aux pr\u00e9sentes conditions g\u00e9n\u00e9rales.<\/p>\n\n<ul class=\"wp-block-list\">\n<li>vous \u00eates autoris\u00e9 \u00e0 publier des commentaires sur notre site et disposez de toutes les licences et autorisations n\u00e9cessaires ;<\/li>\n\n\n\n<li>les commentaires publi\u00e9s ne portent atteinte \u00e0 aucun droit de propri\u00e9t\u00e9 intellectuelle de tiers, notamment les droits d\u2019auteur, brevets ou marques ;<\/li>\n\n\n\n<li>les commentaires ne contiennent aucun propos diffamatoire, offensant, obsc\u00e8ne, ill\u00e9gal ou autrement inappropri\u00e9, ni aucun \u00e9l\u00e9ment portant atteinte \u00e0 la vie priv\u00e9e d\u2019autrui ;<\/li>\n\n\n\n<li>les commentaires ne sont pas utilis\u00e9s \u00e0 des fins de sollicitation commerciale, de promotion d\u2019activit\u00e9s professionnelles ou pour toute autre activit\u00e9 illicite.<\/li>\n<\/ul>\n\n<p>En publiant des commentaires, vous accordez \u00e0 Sebru Invest NV une licence non exclusive, mondiale et libre de droits pour utiliser, reproduire, adapter, publier et distribuer vos commentaires, ainsi que pour autoriser des tiers \u00e0 faire de m\u00eame, sous toute forme, tout format et par tout moyen de communication.<\/p>\n\n<h4 class=\"wp-block-heading has-text-color has-link-color wp-elements-749f57e2d09285b35da45073ce697b26\" style=\"color:#3db7b0\">Hyperliens<\/h4>\n\n<p>Certaines organisations sont autoris\u00e9es \u00e0 cr\u00e9er un lien vers notre site web sans autorisation \u00e9crite pr\u00e9alable. Cela s\u2019applique notamment aux : <\/p>\n\n<ul class=\"wp-block-list\">\n<li>organismes gouvernementaux ;<\/li>\n\n\n\n<li>moteurs de recherche ;<\/li>\n\n\n\n<li>organisations de presse ;<\/li>\n\n\n\n<li>distributeurs d\u2019annuaires en ligne (de la m\u00eame mani\u00e8re qu\u2019ils renvoient vers les sites d\u2019autres entreprises cot\u00e9es) ;<\/li>\n\n\n\n<li>organisations accr\u00e9dit\u00e9es de syst\u00e8mes,<br\/><em>(\u00e0 l\u2019exception des organisations caritatives de collecte de fonds, des boutiques solidaires et des groupes de lev\u00e9e de fonds pour \u0153uvres caritatives, qui ne sont pas autoris\u00e9s \u00e0 cr\u00e9er un lien).<\/em><\/li>\n<\/ul>\n\n<p>Ces organisations peuvent cr\u00e9er un lien vers notre page d\u2019accueil, nos publications ou toute autre information pr\u00e9sente sur notre site, \u00e0 condition que :<br\/>(a) le lien ne soit pas trompeur ;<br\/>(b) le lien ne sugg\u00e8re pas \u00e0 tort un parrainage, une approbation ou un soutien de notre part ;<br\/>(c) le lien s\u2019ins\u00e8re de mani\u00e8re coh\u00e9rente dans le contexte du site de la partie qui cr\u00e9e le lien.<\/p>\n\n<p>Nous pouvons \u00e9galement examiner et \u00e9ventuellement approuver des demandes de cr\u00e9ation de liens \u00e9manant d\u2019autres organisations, telles que des sources d\u2019information g\u00e9n\u00e9ralement reconnues, des sites communautaires .com, des associations caritatives, des portails internet, des distributeurs d\u2019annuaires en ligne, des prestataires de services professionnels, des \u00e9tablissements d\u2019enseignement ou des organisations professionnelles.<br\/>Une demande sera accept\u00e9e si nous estimons que le lien n\u2019a pas d\u2019impact n\u00e9gatif sur notre r\u00e9putation, que l\u2019organisation ne pr\u00e9sente aucun ant\u00e9c\u00e9dent n\u00e9gatif aupr\u00e8s de nous, que l\u2019avantage du lien compense l\u2019absence de relation directe avec Sebru Invest NV, et que le lien s\u2019inscrit dans le cadre d\u2019informations g\u00e9n\u00e9rales de r\u00e9f\u00e9rence. <\/p>\n\n<p>Si une organisation souhaite cr\u00e9er un lien vers notre site, nous lui demandons de nous contacter au pr\u00e9alable. Veuillez fournir le nom de l\u2019organisation, les coordonn\u00e9es, l\u2019URL du site, la liste des URL depuis lesquelles un lien vers notre site sera cr\u00e9\u00e9, ainsi que la liste des URL de notre site vers lesquelles il sera renvoy\u00e9. Nous r\u00e9pondons g\u00e9n\u00e9ralement dans un d\u00e9lai de 2 \u00e0 3 semaines.  <\/p>\n\n<p>Les organisations approuv\u00e9es peuvent cr\u00e9er un hyperlien vers notre site en utilisant notre d\u00e9nomination sociale, en renvoyant directement vers l\u2019URL concern\u00e9e ou en utilisant une description appropri\u00e9e de notre site, en tenant compte du contexte du site r\u00e9f\u00e9rent.<\/p>\n\n<p>L\u2019utilisation du logo de Sebru Invest NV ou de tout autre \u00e9l\u00e9ment visuel prot\u00e9g\u00e9 n\u2019est pas autoris\u00e9e sans un accord valide de licence ou d\u2019utilisation de marque.<\/p>\n\n<h4 class=\"wp-block-heading has-text-color has-link-color wp-elements-bc3df3fec5bdd7e28dd436e41d995517\" style=\"color:#3db7b0\">Responsabilit\u00e9 pour le contenu<\/h4>\n\n<p>Nous n\u2019acceptons aucune responsabilit\u00e9 pour le contenu affich\u00e9 sur votre site web. Vous acceptez de garantir et de d\u00e9fendre Sebru Invest NV contre toute r\u00e9clamation, responsabilit\u00e9, dommage ou d\u00e9pense r\u00e9sultant du contenu publi\u00e9 sur votre site. <\/p>\n\n<p>Aucun lien ne doit appara\u00eetre sur votre site s\u2019il peut \u00eatre interpr\u00e9t\u00e9 comme diffamatoire, obsc\u00e8ne ou criminel, ou s\u2019il porte atteinte aux droits de tiers, les enfreint ou encourage de telles violations.<\/p>\n\n<h4 class=\"wp-block-heading has-text-color has-link-color wp-elements-cdddeff6be6fe5ed16c8dcdd4598e7b1\" style=\"color:#3db7b0\">R\u00e9serve de droits<\/h4>\n\n<p>Nous nous r\u00e9servons le droit de demander, \u00e0 tout moment, que vous supprimiez tous les liens \u2014 ou certains liens sp\u00e9cifiques \u2014 pointant vers notre site. Vous acceptez de supprimer imm\u00e9diatement ces liens d\u00e8s que nous en faisons la demande. <\/p>\n\n<p>Nous nous r\u00e9servons \u00e9galement le droit de modifier \u00e0 tout moment les pr\u00e9sentes conditions g\u00e9n\u00e9rales et notre politique de liens. En continuant \u00e0 cr\u00e9er des liens vers notre site, vous acceptez d\u2019\u00eatre li\u00e9 par ces conditions et de les respecter.<br\/> <\/p>\n\n<h4 class=\"wp-block-heading has-text-color has-link-color wp-elements-b91436a4ecce014d4f67b81c0cab0b3a\" style=\"color:#3db7b0\">Suppression de liens depuis notre site<\/h4>\n\n<p>Si vous trouvez sur notre site un lien que vous jugez offensant pour quelque raison que ce soit, vous pouvez nous en informer \u00e0 tout moment. Nous examinerons les demandes de suppression, mais nous ne sommes pas tenus d\u2019y r\u00e9pondre imm\u00e9diatement ni individuellement. <\/p>\n\n<p>Nous ne garantissons pas que les informations pr\u00e9sentes sur ce site soient exactes, compl\u00e8tes ou \u00e0 jour. Nous ne garantissons pas non plus que le site soit disponible en continu ou que son contenu soit r\u00e9guli\u00e8rement mis \u00e0 jour. Nous d\u00e9clinons toute responsabilit\u00e9 pour d\u2019\u00e9ventuelles inexactitudes, omissions ou interruptions temporaires de disponibilit\u00e9.  <\/p>\n\n<h4 class=\"wp-block-heading has-text-color has-link-color wp-elements-275767643bf72596ede72ed2399b4c75\" style=\"color:#3db7b0\">Clause de non-responsabilit\u00e9<\/h4>\n\n<p>Dans la mesure permise par la l\u00e9gislation applicable, nous excluons toute garantie, d\u00e9claration ou condition relative \u00e0 notre site web et \u00e0 son utilisation. Toutefois, rien dans la pr\u00e9sente clause de non-responsabilit\u00e9 ne saurait : <\/p>\n\n<ul class=\"wp-block-list\">\n<li>limiter ou exclure notre responsabilit\u00e9 ou la v\u00f4tre en cas de d\u00e9c\u00e8s ou de dommages corporels ;<\/li>\n\n\n\n<li>limiter ou exclure notre responsabilit\u00e9 ou la v\u00f4tre en cas de fraude ou de d\u00e9claration frauduleuse ;<\/li>\n\n\n\n<li>limiter toute responsabilit\u00e9 d\u2019une mani\u00e8re non autoris\u00e9e par la l\u00e9gislation applicable ;<\/li>\n\n\n\n<li>exclure toute responsabilit\u00e9 qui ne peut \u00eatre exclue conform\u00e9ment \u00e0 la l\u00e9gislation applicable.<\/li>\n<\/ul>\n\n<p>Les limitations et exclusions de responsabilit\u00e9 d\u00e9crites dans cette section et ailleurs dans la pr\u00e9sente clause de non-responsabilit\u00e9 :<br\/>(a) sont soumises aux dispositions ci-dessus ;<br\/>(b) s\u2019appliquent \u00e0 toutes les formes de responsabilit\u00e9 d\u00e9coulant de cette clause de non-responsabilit\u00e9, y compris la responsabilit\u00e9 contractuelle, d\u00e9lictuelle et la responsabilit\u00e9 pour violation d\u2019obligations l\u00e9gales.<\/p>\n\n<p>Tant que le site ainsi que les informations et services qui y sont propos\u00e9s sont mis \u00e0 disposition gratuitement, nous ne saurions \u00eatre tenus responsables de toute perte ou de tout dommage, quelle qu\u2019en soit la nature.<\/p>\n","protected":false},"excerpt":{"rendered":"<p>Deze algemene voorwaarden beschrijven de regels en bepalingen die van toepassing zijn op het gebruik van de website van Sebru Invest NV, bereikbaar via andufit.com. Door onze website te bezoeken, ga je akkoord met deze algemene voorwaarden. Indien je niet instemt met \u00e9\u00e9n of meerdere bepalingen in deze voorwaarden, verzoeken wij je andufit.com niet verder [&hellip;]<\/p>\n","protected":false},"author":3,"featured_media":0,"parent":0,"menu_order":0,"comment_status":"closed","ping_status":"closed","template":"","meta":{"footnotes":""},"class_list":["post-510","page","type-page","status-publish","hentry"],"jetpack_sharing_enabled":true,"_links":{"self":[{"href":"https:\/\/be.andufit.com\/fr\/wp-json\/wp\/v2\/pages\/510","targetHints":{"allow":["GET"]}}],"collection":[{"href":"https:\/\/be.andufit.com\/fr\/wp-json\/wp\/v2\/pages"}],"about":[{"href":"https:\/\/be.andufit.com\/fr\/wp-json\/wp\/v2\/types\/page"}],"author":[{"embeddable":true,"href":"https:\/\/be.andufit.com\/fr\/wp-json\/wp\/v2\/users\/3"}],"replies":[{"embeddable":true,"href":"https:\/\/be.andufit.com\/fr\/wp-json\/wp\/v2\/comments?post=510"}],"version-history":[{"count":1,"href":"https:\/\/be.andufit.com\/fr\/wp-json\/wp\/v2\/pages\/510\/revisions"}],"predecessor-version":[{"id":511,"href":"https:\/\/be.andufit.com\/fr\/wp-json\/wp\/v2\/pages\/510\/revisions\/511"}],"wp:attachment":[{"href":"https:\/\/be.andufit.com\/fr\/wp-json\/wp\/v2\/media?parent=510"}],"curies":[{"name":"wp","href":"https:\/\/api.w.org\/{rel}","templated":true}]}}